{"id":2512,"date":"2017-03-23T11:09:19","date_gmt":"2017-03-23T10:09:19","guid":{"rendered":"https:\/\/www.smartmicrooptics.com\/terms-conditions-consumers\/"},"modified":"2024-11-25T09:04:40","modified_gmt":"2024-11-25T08:04:40","slug":"terms-conditions-consumers","status":"publish","type":"page","link":"https:\/\/smartmicrooptics.com\/it\/terms-conditions-consumers\/","title":{"rendered":"Condizioni di vendita"},"content":{"rendered":"<div class=\"fusion-fullwidth fullwidth-box fusion-builder-row-1 nonhundred-percent-fullwidth non-hundred-percent-height-scrolling\" style=\"--awb-background-position:left top;--awb-border-sizes-top:0px;--awb-border-sizes-bottom:0px;--awb-border-sizes-left:0px;--awb-border-sizes-right:0px;--awb-border-radius-top-left:0px;--awb-border-radius-top-right:0px;--awb-border-radius-bottom-right:0px;--awb-border-radius-bottom-left:0px;--awb-padding-top:20px;--awb-padding-bottom:20px;--awb-flex-wrap:wrap;\" ><div class=\"fusion-builder-row fusion-row\"><div class=\"fusion-layout-column fusion_builder_column fusion-builder-column-0 fusion_builder_column_1_1 1_1 fusion-one-full fusion-column-first fusion-column-last fusion-column-no-min-height\" style=\"--awb-bg-size:cover;--awb-margin-top:0px;--awb-margin-bottom:0px;\"><div class=\"fusion-column-wrapper fusion-flex-column-wrapper-legacy\"><div class=\"fusion-text fusion-text-1\"><h3>1. Oggetto<\/h3>\n<p>1.1. Le presenti condizioni generali di vendita (di seguito anche &#8220;Condizioni&#8221;) si applicano all&#8217;acquisto di prodotti (di seguito i &#8220;Prodotti&#8221; o singolarmente il &#8220;Prodotto&#8221;) tramite il sito e-commerce www.smartmicrooptics.com (di seguito il &#8220;Sito&#8221;) dagli utenti che acquistano uno o pi\u00f9 Prodotti (di seguito il &#8220;Consumatore&#8221;). Il Sito \u00e8 di propriet\u00e0 di Smartmicrooptics Srl., Con sede legale in piazza P.za Colombo 2A\/8, Genova, Italia, P.Iva n. 02382790992 (di seguito il &#8220;Venditore&#8221;). Il Venditore e il Consumatore saranno indicati congiuntamente come le &#8220;Parti&#8221;.<\/p>\n<p>1.2. Qualsiasi comunicazione del Consumatore in relazione e \/ o in relazione all&#8217;acquisto dei Prodotti, comprese eventuali notifiche, reclami o richieste riguardanti l&#8217;acquisto e \/ o la consegna dei Prodotti o l&#8217;esercizio del diritto di recesso, ecc. al Venditore, secondo la procedura prevista anche nel Sito, all&#8217;indirizzo di posta elettronica info@smartmicooptics.com.<\/p>\n<p>1.3. Tutti gli acquisti sono regolati dalle condizioni generali di vendita pubblicate sul Sito al momento dell&#8217;inoltro dell&#8217;ordine da parte del Consumatore.<\/p>\n<p>1.4. Al Consumatore saranno addebitati gli eventuali costi sostenuti per connettersi al Sito tramite Internet, comprese le eventuali spese telefoniche, secondo le tariffe applicate dal servizio fornito dallo stesso scelto.<\/p>\n<h3>2. Caratteristiche e disponibilit\u00e0 del prodotto<\/h3>\n<p>2.1. I prodotti sono venduti dal Venditore con le caratteristiche descritte sul Sito e in conformit\u00e0 alle presenti Condizioni pubblicate sul Sito al momento dell&#8217;ordine.<\/p>\n<p>2.2. Il Fornitore si riserva il diritto di modificare in tutto o in parte le presenti Condizioni in qualsiasi momento ea propria discrezione. Eventuali modifiche entreranno in vigore dalla data in cui saranno pubblicate sul Sito e si applicheranno solo alle vendite concluse a partire da tale data.<\/p>\n<p>2.3. I prezzi di vendita, i Prodotti venduti sul Sito e \/ o le caratteristiche degli stessi, possono essere soggetti a modifiche senza preavviso. Tali modifiche sono applicabili solo agli ordini che non sono stati confermati prima della data in cui tali modifiche entrano in vigore. Si consiglia, in ogni caso, al Consumatore di verificare i prezzi finali prima di inoltrare l&#8217;ordine di acquisto, ai sensi del successivo articolo 3.<\/p>\n<h3>3. Procedura di acquisto dei prodotti<\/h3>\n<p>3.1. La presentazione dei Prodotti sul Sito, che non sono vincolanti per il Venditore, costituisce solo un invito al Consumatore a formulare un&#8217;offerta contrattuale di acquisto e non un&#8217;offerta al pubblico.<\/p>\n<p>3.2. L&#8217;ordine di acquisto inoltrato dal Consumatore al Venditore tramite il Sito costituisce un&#8217;offerta contrattuale valida ed \u00e8 soggetto alle presenti Condizioni, che costituiscono parte integrante di detto ordine; effettuando un ordine presso il Venditore il Consumatore si impegna ad accettare integralmente lo stesso senza riserve. Prima di procedere all&#8217;acquisto dei Prodotti mediante invio dell&#8217;ordine di acquisto, il Consumatore sar\u00e0 pregato di leggere attentamente le presenti condizioni generali di vendita, oltre alla comunicazione relativa al diritto di recesso e di conservarne copia per proprio archivio. Ai consumatori verr\u00e0 inoltre chiesto di verificare e correggere eventuali errori nei propri dati personali.<\/p>\n<h3>4. Consegna e accettazione della merce<\/h3>\n<p>4.1. Sebbene il Sito stabilisca generalmente se i Prodotti sono disponibili o meno ei relativi tempi di consegna, tali informazioni sono puramente indicative e in nessun caso vincolanti per il Venditore.<\/p>\n<p>4.2 Il Venditore si impegna a fare quanto in suo potere per rispettare i tempi di consegna indicati sul Sito. Qualora l&#8217;ordine non possa essere evaso dal Venditore, in quanto il Prodotto ordinato dal Consumatore non \u00e8 disponibile, anche temporaneamente, per la consegna, il Venditore dovr\u00e0 darne comunicazione scritta al Consumatore e rimborsare l&#8217;importo gi\u00e0 pagato, se richiesto. Se il Consumatore ha selezionato la modalit\u00e0 di pagamento tramite bonifico bancario, il termine di consegna decorrer\u00e0 dal momento in cui il Venditore ricever\u00e0 il pagamento.<\/p>\n<p>4.3 I Prodotti ordinati dal Consumatore verranno consegnati secondo la modalit\u00e0 scelta tra quelle disponibili ed elencate sul Sito al momento dell&#8217;inoltro dell&#8217;ordine. Il Consumatore si impegna a verificare tempestivamente, entro e non oltre 14 (quattordici) giorni dal ricevimento dei Prodotti, che la consegna sia corretta e comprenda tutti e solo i Prodotti acquistati, ea comunicare al Venditore, entro tale termine, eventuali difetti prodotti ricevuti o qualsiasi difformit\u00e0 tra l&#8217;ordine e la merce effettivamente ricevuta, seguendo la procedura di cui all&#8217;art. 8 del presente contratto; in caso contrario, i Prodotti saranno considerati accettati. Nel caso in cui l&#8217;imballaggio o l&#8217;inscatolamento dei Prodotti ordinati dal Consumatore giunga a destinazione visibilmente danneggiato, il Consumatore \u00e8 invitato a rifiutare la consegna da parte del vettore \/ corriere o ad accettare la consegna \u201ccon diritti riservati\u201d.<\/p>\n<h3>5. Prezzi<\/h3>\n<p>5.1. Il prezzo dei Prodotti in vendita \u00e8 quello indicato sul Sito al momento in cui il Consumatore effettua l&#8217;ordine. I prezzi dei Prodotti riportati nel sito sono comprensivi dei costi di imballo standard, IVA (ove applicabile) e si intendono al netto delle spese di spedizione, che saranno calcolate prima di effettuare l&#8217;ordine presso il Venditore e che il Consumatore si impegna a pagare al Venditore in aggiunta al prezzo indicato sul Sito.<br \/>\n5.2. Il prezzo totale pagabile al Venditore sar\u00e0 indicato nell&#8217;Ordine.<br \/>\n5.3. Se i Prodotti devono essere consegnati in un paese al di fuori dell&#8217;Unione Europea, il prezzo totale indicato nell&#8217;ordine e nella conferma d&#8217;ordine, comprese le imposte indirette, \u00e8 al netto di eventuali dazi doganali e di qualsiasi altra tassa che il Consumatore si impegna a pagare, se richiesto, oltre al prezzo indicato nell&#8217;ordine e nella conferma d&#8217;ordine, come previsto dalle leggi vigenti nel Paese in cui il Prodotto verr\u00e0 consegnato. Per ulteriori informazioni su eventuali dazi o tasse applicabili nel proprio paese di residenza o destinazione dei Prodotti, il Consumatore \u00e8 invitato a verificare con le autorit\u00e0 competenti nel proprio paese di residenza o destinazione dei Prodotti.<br \/>\n5.4. Tutti i costi aggiuntivi, gli oneri, le tasse e \/ o i dazi pagabili in un determinato paese, a qualsiasi titolo, ai Prodotti ordinati ai sensi delle presenti Condizioni sono di esclusiva responsabilit\u00e0 del Consumatore.<br \/>\n5.5. Il Consumatore dichiara che laddove, al momento dell&#8217;inoltro dell&#8217;ordine al Venditore, quest&#8217;ultimo non sia a conoscenza dei costi, oneri, tasse e \/ o dazi di cui ai punti 5.3 e 5.4 sopra, ci\u00f2 non costituir\u00e0 motivo di risoluzione del presente contratto e in nessun caso sar\u00e0 addebitato al Venditore.<\/p>\n<h3>6. Pagamenti<\/h3>\n<p>6.1. I pagamenti per gli ordini possono essere effettuati tramite carta di credito o PayPal, o, se richiesto e accettato dal venditore, tramite bonifico bancario o in contrassegno.<\/p>\n<p>6.3. La fatturazione relativa all&#8217;acquisto sar\u00e0 inviata al Consumatore, ove previsto dalle leggi vigenti in materia, in formato elettronico e\/o allegata al prodotto acquistato in formato cartaceo.<\/p>\n<h3>7. Non-conformit\u00e0<\/h3>\n<p>7.1. Il Consumatore \u00e8 tenuto a segnalare eventuali vizi e non conformit\u00e0 dei prodotti entro e non oltre 14 (quattordici) giorni dal ricevimento dei prodotti, inviando una mail a info@smartmicrooptics.com, indicando chiaramente il difetto e \/ o non conformit\u00e0 rilevato, unitamente ad almeno 1 (una) fotografia del Prodotto, la conferma d&#8217;ordine inviata dal Venditore e \/ o la ricevuta<\/p>\n<p>7.2. Al ricevimento della relativa documentazione, il Venditore valuter\u00e0 i vizi e le non conformit\u00e0 denunciati dal Consumatore e, dopo aver effettuato le prove di controllo qualit\u00e0 per valutare se il Prodotto non sia effettivamente conforme, decider\u00e0, a propria discrezione i Prodotti da restituire, rispondendo al Consumatore via e-mail all&#8217;indirizzo fornito dal Consumatore al momento dell&#8217;inoltro dell&#8217;ordine. L&#8217;autorizzazione alla restituzione dei Prodotti non deve in nessun caso dedurre il riconoscimento del difetto o non conformit\u00e0; questo aspetto verr\u00e0 valutato una volta che i Prodotti saranno stati restituiti. I Prodotti che il Venditore ha autorizzato alla restituzione dovranno essere inviati dal Consumatore, unitamente a una copia dell&#8217;e-mail di autorizzazione del prodotto restituito entro 30 (trenta) giorni dalla data in cui il difetto o la non conformit\u00e0 \u00e8 stata segnalata al seguente indirizzo: Smartmicrooptics S.r.l., Via Reale 203B, CAP 48123 Glorie, Ravenna (RA) &#8211; Italia<\/p>\n<p>7.3. Qualora il Venditore sia tenuto a rimborsare al Consumatore il prezzo pagato, il rimborso verr\u00e0 effettuato, ove possibile, utilizzando lo stesso mezzo di pagamento utilizzato dal Consumatore per l&#8217;acquisto del prodotto, ovvero tramite bonifico bancario. Sar\u00e0 cura dell&#8217;Acquirente inviare al Venditore, all&#8217;indirizzo e-mail info@smartmicrooptics.com, le coordinate bancarie per poter effettuare il bonifico.<\/p>\n<h3>8. Diritto di recesso<\/h3>\n<p>8.1. Il Consumatore ha diritto di recedere da qualsiasi contratto concluso ai sensi delle presenti Condizioni, senza incorrere in alcuna penalit\u00e0, entro 14 (quattordici) giorni dal (i) giorno in cui viene consegnato il Prodotto o (ii) se pi\u00f9 prodotti in un unico ordine vengono consegnati separatamente, dalla data di ricezione dell&#8217;ultimo prodotto.<\/p>\n<p>8.2. Per esercitare il diritto di recesso, il Consumatore dovr\u00e0 inviare una richiesta al Venditore entro il termine indicato via e-mail all&#8217;indirizzo <a href=\"mailto:info@smartmicrooptics.com\">info@smartmicrooptics.com<\/a>.<\/p>\n<p>8.3. Se il Consumatore ha ricevuto il prodotto, \u00e8 tenuto a restituirlo all&#8217;indirizzo: Smartmicrooptics S.r.l., Via Reale 203B, CAP 48123 Glorie, Ravenna (RA) &#8211; Italia senza indebito ritardo e, in ogni caso, entro 14 giorni dal giorno in cui \u00e8 stata data comunicazione di tale recesso. Tutti i rischi di spedizione e le spese dirette sostenute per la restituzione dei prodotti sono a carico del Consumatore.<\/p>\n<p>8.4. La recessione dal presente contratto comporta il rimborso di tutti i pagamenti ricevuti, inclusi i costi di consegna dal Venditore al Consumatore, senza indebito ritardo e in ogni caso entro e non oltre 14 giorni dall&#8217;esercizio del diritto di recesso. Effettueremo tali rimborsi utilizzando lo stesso mezzo di pagamento utilizzato dal Consumatore per la transazione iniziale, a meno che il Consumatore non richieda il rimborso tramite un diverso mezzo di pagamento, nel qual caso al Consumatore saranno addebitati gli eventuali costi aggiuntivi sostenuti in conseguenza alla scelta di tali mezzi. Possiamo trattenere il rimborso fino a quando non avremo ricevuto i beni restituiti.<\/p>\n<p>8.5. Il Consumatore \u00e8 responsabile della diminuzione del valore dei beni risultante da una manipolazione diversa da quella necessaria per stabilire la natura, le caratteristiche e il funzionamento dei beni. Pertanto, qualora la merce resa risultasse danneggiata (es. Graffi, deformazioni, rotture, ecc.), non completa di tutte le parti ed accessori (comprese le etichette inalterate ancora attaccate al prodotto), non accompagnata dalle istruzioni \/ note \/ manuali in dotazione , l&#8217;eventuale imballo originale, il Cliente sar\u00e0 responsabile della diminuzione del valore del prodotto e avr\u00e0 diritto a ricevere un rimborso pari al valore residuo del Prodotto. A tal fine, si raccomanda vivamente ai Consumatori di non manipolare il prodotto se non quanto strettamente necessario per stabilire la natura, le caratteristiche e il funzionamento dello stesso, e di utilizzare la confezione originale dei Prodotti pi\u00f9 un ulteriore imballaggio protettivo che li manterr\u00e0 integri. e proteggerli da scritte o etichette.<\/p>\n<h3>9. Diritti di propriet\u00e0 intellettuale<\/h3>\n<p>9.1. Tutti i marchi, nomi e altri segni distintivi cos\u00ec come qualsiasi nome, immagine, fotografia, testo scritto o grafico utilizzato sul Sito o relativo ai Prodotti sono e rimangono di propriet\u00e0 esclusiva del Venditore e \/ o dei suoi aventi causa, senza alcun diritto derivante da parte del Consumatore in relazione allo stesso a seguito dell&#8217;accesso al Sito e \/ o dell&#8217;acquisto dei Prodotti.<\/p>\n<h3>10. Protezione dei dati personali dei consumatori<\/h3>\n<p>10.1. Per poter procedere con la registrazione, effettuare un ordine e firmare il presente contratto, il Consumatore \u00e8 tenuto a fornire i dati personali. Il Consumatore prende atto che i dati personali forniti saranno registrati e utilizzati dal Venditore in conformit\u00e0 e nel rispetto delle disposizioni del D.lgs. 196\/2003 come successivamente modificato.10.2. Il Consumatore dichiara e garantisce che i dati personali forniti al Venditore durante la procedura di registrazione e acquisto sono veritieri e accurati.<\/p>\n<h3>11. Protezione dei dati<\/h3>\n<p>11.1. Sebbene il Venditore adotti tutte le precauzioni necessarie per proteggere i dati personali dalla divulgazione, falsificazione, manipolazione o utilizzo da parte di terzi illeciti, a causa delle caratteristiche e dei limiti tecnici riguardanti la protezione delle comunicazioni elettroniche via Internet, il Venditore non garantisce che le informazioni ovvero i dati visualizzati dal Consumatore sul Sito, anche dopo che il Consumatore abbia fornito le relative credenziali di accesso, non saranno accessibili o visualizzabili da terzi non autorizzati.<\/p>\n<p><strong>12. Legge applicabile, transazioni e giurisdizione<br \/>\n<\/strong><\/p>\n<p>12.1. Eventuali contratti di vendita stipulati tra il Venditore e il Consumatore ai sensi delle presenti Condizioni saranno regolati e interpretati in conformit\u00e0 alle leggi italiane vigenti e, in particolare, al Codice del Consumo, con specifico riferimento alla normativa in materia di contratti a distanza, e dal D.lgs. no. 70 del 9 aprile 2003, su alcuni aspetti riguardanti il \u200b\u200bcommercio elettronico. Ci\u00f2 non pregiudica i diritti concessi ai Consumatori da disposizioni vincolanti in vigore nel paese di residenza del Consumatore.<\/p>\n<\/div><div class=\"fusion-clearfix\"><\/div><\/div><\/div><\/div><\/div>\n","protected":false},"excerpt":{"rendered":"","protected":false},"author":1,"featured_media":0,"parent":0,"menu_order":0,"comment_status":"closed","ping_status":"closed","template":"100-width.php","meta":{"_acf_changed":false,"footnotes":""},"class_list":["post-2512","page","type-page","status-publish","hentry"],"acf":[],"yoast_head":"<!-- This site is optimized with the Yoast SEO plugin v27.3 - https:\/\/yoast.com\/product\/yoast-seo-wordpress\/ -->\n<title>Condizioni di vendita - SmartMicroOptics<\/title>\n<meta name=\"robots\" content=\"index, follow, max-snippet:-1, max-image-preview:large, max-video-preview:-1\" \/>\n<link rel=\"canonical\" href=\"https:\/\/smartmicrooptics.com\/it\/terms-conditions-consumers\/\" \/>\n<meta property=\"og:locale\" content=\"it_IT\" \/>\n<meta property=\"og:type\" content=\"article\" \/>\n<meta property=\"og:title\" content=\"Condizioni di vendita - SmartMicroOptics\" \/>\n<meta property=\"og:url\" content=\"https:\/\/smartmicrooptics.com\/it\/terms-conditions-consumers\/\" \/>\n<meta property=\"og:site_name\" content=\"SmartMicroOptics\" \/>\n<meta property=\"article:publisher\" content=\"https:\/\/www.facebook.com\/blipslens\/\" \/>\n<meta property=\"article:modified_time\" content=\"2024-11-25T08:04:40+00:00\" \/>\n<meta name=\"twitter:card\" content=\"summary_large_image\" \/>\n<meta name=\"twitter:site\" content=\"@blipslens\" \/>\n<meta name=\"twitter:label1\" content=\"Tempo di lettura stimato\" \/>\n\t<meta name=\"twitter:data1\" content=\"11 minuti\" \/>\n<script type=\"application\/ld+json\" class=\"yoast-schema-graph\">{\"@context\":\"https:\\\/\\\/schema.org\",\"@graph\":[{\"@type\":\"WebPage\",\"@id\":\"https:\\\/\\\/smartmicrooptics.com\\\/it\\\/terms-conditions-consumers\\\/\",\"url\":\"https:\\\/\\\/smartmicrooptics.com\\\/it\\\/terms-conditions-consumers\\\/\",\"name\":\"Condizioni di vendita - SmartMicroOptics\",\"isPartOf\":{\"@id\":\"https:\\\/\\\/smartmicrooptics.com\\\/it\\\/#website\"},\"datePublished\":\"2017-03-23T10:09:19+00:00\",\"dateModified\":\"2024-11-25T08:04:40+00:00\",\"breadcrumb\":{\"@id\":\"https:\\\/\\\/smartmicrooptics.com\\\/it\\\/terms-conditions-consumers\\\/#breadcrumb\"},\"inLanguage\":\"it-IT\",\"potentialAction\":[{\"@type\":\"ReadAction\",\"target\":[\"https:\\\/\\\/smartmicrooptics.com\\\/it\\\/terms-conditions-consumers\\\/\"]}]},{\"@type\":\"BreadcrumbList\",\"@id\":\"https:\\\/\\\/smartmicrooptics.com\\\/it\\\/terms-conditions-consumers\\\/#breadcrumb\",\"itemListElement\":[{\"@type\":\"ListItem\",\"position\":1,\"name\":\"Home\",\"item\":\"https:\\\/\\\/smartmicrooptics.com\\\/it\\\/\"},{\"@type\":\"ListItem\",\"position\":2,\"name\":\"Condizioni di vendita\"}]},{\"@type\":\"WebSite\",\"@id\":\"https:\\\/\\\/smartmicrooptics.com\\\/it\\\/#website\",\"url\":\"https:\\\/\\\/smartmicrooptics.com\\\/it\\\/\",\"name\":\"SmartMicroOptics\",\"description\":\"Real microscopy, anywhere\",\"publisher\":{\"@id\":\"https:\\\/\\\/smartmicrooptics.com\\\/it\\\/#organization\"},\"potentialAction\":[{\"@type\":\"SearchAction\",\"target\":{\"@type\":\"EntryPoint\",\"urlTemplate\":\"https:\\\/\\\/smartmicrooptics.com\\\/it\\\/?s={search_term_string}\"},\"query-input\":{\"@type\":\"PropertyValueSpecification\",\"valueRequired\":true,\"valueName\":\"search_term_string\"}}],\"inLanguage\":\"it-IT\"},{\"@type\":\"Organization\",\"@id\":\"https:\\\/\\\/smartmicrooptics.com\\\/it\\\/#organization\",\"name\":\"SmartMicroOptics\",\"url\":\"https:\\\/\\\/smartmicrooptics.com\\\/it\\\/\",\"logo\":{\"@type\":\"ImageObject\",\"inLanguage\":\"it-IT\",\"@id\":\"https:\\\/\\\/smartmicrooptics.com\\\/it\\\/#\\\/schema\\\/logo\\\/image\\\/\",\"url\":\"https:\\\/\\\/smartmicrooptics.com\\\/wp-content\\\/uploads\\\/2016\\\/04\\\/logo-smo.png\",\"contentUrl\":\"https:\\\/\\\/smartmicrooptics.com\\\/wp-content\\\/uploads\\\/2016\\\/04\\\/logo-smo.png\",\"width\":100,\"height\":50,\"caption\":\"SmartMicroOptics\"},\"image\":{\"@id\":\"https:\\\/\\\/smartmicrooptics.com\\\/it\\\/#\\\/schema\\\/logo\\\/image\\\/\"},\"sameAs\":[\"https:\\\/\\\/www.facebook.com\\\/blipslens\\\/\",\"https:\\\/\\\/x.com\\\/blipslens\",\"https:\\\/\\\/www.instagram.com\\\/blipslens\\\/\",\"https:\\\/\\\/www.youtube.com\\\/channel\\\/UClGUOkYlK9UbHQ981FcHQZg?view_as=subscriber\"]}]}<\/script>\n<!-- \/ Yoast SEO plugin. -->","yoast_head_json":{"title":"Condizioni di vendita - SmartMicroOptics","robots":{"index":"index","follow":"follow","max-snippet":"max-snippet:-1","max-image-preview":"max-image-preview:large","max-video-preview":"max-video-preview:-1"},"canonical":"https:\/\/smartmicrooptics.com\/it\/terms-conditions-consumers\/","og_locale":"it_IT","og_type":"article","og_title":"Condizioni di vendita - SmartMicroOptics","og_url":"https:\/\/smartmicrooptics.com\/it\/terms-conditions-consumers\/","og_site_name":"SmartMicroOptics","article_publisher":"https:\/\/www.facebook.com\/blipslens\/","article_modified_time":"2024-11-25T08:04:40+00:00","twitter_card":"summary_large_image","twitter_site":"@blipslens","twitter_misc":{"Tempo di lettura stimato":"11 minuti"},"schema":{"@context":"https:\/\/schema.org","@graph":[{"@type":"WebPage","@id":"https:\/\/smartmicrooptics.com\/it\/terms-conditions-consumers\/","url":"https:\/\/smartmicrooptics.com\/it\/terms-conditions-consumers\/","name":"Condizioni di vendita - SmartMicroOptics","isPartOf":{"@id":"https:\/\/smartmicrooptics.com\/it\/#website"},"datePublished":"2017-03-23T10:09:19+00:00","dateModified":"2024-11-25T08:04:40+00:00","breadcrumb":{"@id":"https:\/\/smartmicrooptics.com\/it\/terms-conditions-consumers\/#breadcrumb"},"inLanguage":"it-IT","potentialAction":[{"@type":"ReadAction","target":["https:\/\/smartmicrooptics.com\/it\/terms-conditions-consumers\/"]}]},{"@type":"BreadcrumbList","@id":"https:\/\/smartmicrooptics.com\/it\/terms-conditions-consumers\/#breadcrumb","itemListElement":[{"@type":"ListItem","position":1,"name":"Home","item":"https:\/\/smartmicrooptics.com\/it\/"},{"@type":"ListItem","position":2,"name":"Condizioni di vendita"}]},{"@type":"WebSite","@id":"https:\/\/smartmicrooptics.com\/it\/#website","url":"https:\/\/smartmicrooptics.com\/it\/","name":"SmartMicroOptics","description":"Real microscopy, anywhere","publisher":{"@id":"https:\/\/smartmicrooptics.com\/it\/#organization"},"potentialAction":[{"@type":"SearchAction","target":{"@type":"EntryPoint","urlTemplate":"https:\/\/smartmicrooptics.com\/it\/?s={search_term_string}"},"query-input":{"@type":"PropertyValueSpecification","valueRequired":true,"valueName":"search_term_string"}}],"inLanguage":"it-IT"},{"@type":"Organization","@id":"https:\/\/smartmicrooptics.com\/it\/#organization","name":"SmartMicroOptics","url":"https:\/\/smartmicrooptics.com\/it\/","logo":{"@type":"ImageObject","inLanguage":"it-IT","@id":"https:\/\/smartmicrooptics.com\/it\/#\/schema\/logo\/image\/","url":"https:\/\/smartmicrooptics.com\/wp-content\/uploads\/2016\/04\/logo-smo.png","contentUrl":"https:\/\/smartmicrooptics.com\/wp-content\/uploads\/2016\/04\/logo-smo.png","width":100,"height":50,"caption":"SmartMicroOptics"},"image":{"@id":"https:\/\/smartmicrooptics.com\/it\/#\/schema\/logo\/image\/"},"sameAs":["https:\/\/www.facebook.com\/blipslens\/","https:\/\/x.com\/blipslens","https:\/\/www.instagram.com\/blipslens\/","https:\/\/www.youtube.com\/channel\/UClGUOkYlK9UbHQ981FcHQZg?view_as=subscriber"]}]}},"_links":{"self":[{"href":"https:\/\/smartmicrooptics.com\/it\/wp-json\/wp\/v2\/pages\/2512","targetHints":{"allow":["GET"]}}],"collection":[{"href":"https:\/\/smartmicrooptics.com\/it\/wp-json\/wp\/v2\/pages"}],"about":[{"href":"https:\/\/smartmicrooptics.com\/it\/wp-json\/wp\/v2\/types\/page"}],"author":[{"embeddable":true,"href":"https:\/\/smartmicrooptics.com\/it\/wp-json\/wp\/v2\/users\/1"}],"replies":[{"embeddable":true,"href":"https:\/\/smartmicrooptics.com\/it\/wp-json\/wp\/v2\/comments?post=2512"}],"version-history":[{"count":9,"href":"https:\/\/smartmicrooptics.com\/it\/wp-json\/wp\/v2\/pages\/2512\/revisions"}],"predecessor-version":[{"id":26364,"href":"https:\/\/smartmicrooptics.com\/it\/wp-json\/wp\/v2\/pages\/2512\/revisions\/26364"}],"wp:attachment":[{"href":"https:\/\/smartmicrooptics.com\/it\/wp-json\/wp\/v2\/media?parent=2512"}],"curies":[{"name":"wp","href":"https:\/\/api.w.org\/{rel}","templated":true}]}}